{"id":95,"date":"2021-10-12T08:04:18","date_gmt":"2021-10-12T08:04:18","guid":{"rendered":"https:\/\/ravnica.eu\/?page_id=95"},"modified":"2022-03-28T07:23:22","modified_gmt":"2022-03-28T07:23:22","slug":"katalog-proizvoda","status":"publish","type":"page","link":"https:\/\/ravnica.eu\/?page_id=95","title":{"rendered":"Katalog Proizvoda"},"content":{"rendered":"<p><strong>Po\u0161tovani posjetitelji katalog proizvoda mo\u017eete preuzeti na poveznici <a href=\"http:\/\/www.fileconvoy.com\/dfl.php?id=gdf79dc60b644501210004204768c95d13034ed2f88\">KATALOG\u00a0<\/a><\/strong><\/p>\n<p><strong>Reference na\u0161ih kupaca mo\u017eete pogledati na poveznici <a href=\"http:\/\/www.fileconvoy.com\/dfl.php?id=gce9ffe0562e6f9cb100042047700f43101d00e929d\">REFERENCE<\/a><\/strong><\/p>\n<p><strong>Tako\u0111er bi Vas zamolili za malo vremena i da pro\u010ditate dokument o humanitarnom paketu <a href=\"http:\/\/www.fileconvoy.com\/dfl.php?id=gbc8d72280d578eae100042047854342b5b2f1c8a1a\">OVDJE<\/a><\/strong><\/p>\n<style>#pgb-203 .photo-gallery-item .caption { background-color: #ffffff;  }#pgb-203 .photo-gallery-item .figc {color:#ffffff;}#pgb-203 .pgb-title {  font-size: 18px; }#pgb-203  p.description { color:#ffffff;font-size:14px; }#pgb-203  .pgb-title { color:#ffffff; }<\/style>\n\r\n\r\n<div id=\"pgb-203\" class=\"photo-gallery-wp photo-gallery\" style=\"padding:0px 15px 0px 0px;\" data-config=\"{&quot;margin&quot;:8,&quot;type&quot;:&quot;custom-grid&quot;,&quot;gutter&quot;:8}\">\r\n\r\n\r\n\r\n<style>\r\n\r\n\/*#pgb-<php echo $PostId; ?> h2{\r\n\tmargin: 0px !important;\r\n}\r\n*\/\r\n\/* ---- isotope ---- *\/\r\n\r\n\/* clear fix *\/\r\n.grid_pgb-203 {\r\n  content: '';\r\n  display: block;\r\n  clear: both;\r\n}\r\n\r\n\/* ---- .grid-item ---- *\/\r\n\r\n.grid-item_pgb-203 {\r\n  float: left;\r\n}\r\n\r\n.grid-item_pgb-203 img {\r\n  display: block;\r\n  max-width: 100%;\r\n}\r\n<\/style>\r\n\r\n\t\t\t<div class=\"row\">\r\n\t\r\n\t\t\t\t\t\t\t<div class=\"col-md-4 col-sm-6 col-12\">\r\n\t\t\t\t\t<div class=\"layout-2\" style=\"margin: 8px;\r\n\t\t\t\t\t\t\t\t\t\t\t\t--my-color-var: #38ef7d;\r\n\t\t\t\t\t\t\t\t\t\t\t\t\">\r\n\t\t\t\t\t\t<img decoding=\"async\" src=\"https:\/\/ravnica.eu\/wp-content\/uploads\/2021\/11\/Salice-1-500x500.jpg\">\r\n\t\t\t\r\n\t\t\t\t<div class=\"layout-content\">\r\n                    \t\t\t\t\t\t\t\t\t\t\t<p class=\"description\" style=\"margin-top: 15px;\"><\/p>\r\n\t\t\t\t\t               \t<\/div>\r\n                <div class=\"icon\">\r\n                    <span>\r\n\r\n                    \t\t                 \t\t<a style=\"display: none;\">\r\n\t                        \t<i class=\"fa fa-link\"><\/i>\r\n\t                 \t    <\/a>\r\n\t                 \t                 \t<\/span>\r\n           \t\t \t<span>\r\n           \t\t \t\t\t                        \t<a class=\"popup-box\" href=\"https:\/\/ravnica.eu\/wp-content\/uploads\/2021\/11\/Salice-1.jpg\" data-lightbox=\"image\">\r\n\t                           \t\t <i class=\"fa fa-plus\"><\/i>\r\n\t\t                        <\/a>\t\t\r\n\t\t\t\t\t\t\t\t \t\t\t\t\t<\/span>\r\n                <\/div><!-- icon -->\r\n\t\t\t<\/div><!-- layout-2 -->\r\n\t\t<\/div><!-- col -->\r\n\t\t\t<\/div> <!-- row -->\r\n\r\n\t<script>\r\n\r\n\t\tjQuery(document).ready( function () {\r\n    \r\n            var $grid = jQuery('#grid_pgb-203').isotope({\r\n              itemSelector: '.grid-item_pgb-203',\r\n                percentPosition: true,\r\n              masonry: {\r\n                columnWidth:0\r\n              }\r\n                \r\n            });\r\n            \r\n            $grid.imagesLoaded().progress( function() {\r\n              $grid.isotope('layout');\r\n            });\r\n\r\n          }\r\n        );\r\n\r\n\t<\/script>\r\n<\/div>\r\n\n<p><strong>\u0160ALICA KERAMI\u010cKA S TISKOM<\/strong><br \/>\n\u0160IFRA: 0122<br \/>\nMaterijal: 100% keramika<br \/>\nVisina: 9,7 cm<br \/>\nMogu\u0107nost otiska 20,8 x 8,8 cm<br \/>\nTisak motiva po \u017eelji kupca<br \/>\nCijena: 50,00 kn<br \/>\n*popust na ve\u0107e koli\u010dine<\/p>\n<style>#pgb-206 .photo-gallery-item .caption { background-color: #ffffff;  }#pgb-206 .photo-gallery-item .figc {color:#ffffff;}#pgb-206 .pgb-title {  font-size: 18px; }#pgb-206  p.description { color:#ffffff;font-size:14px; }#pgb-206  .pgb-title { color:#ffffff; }<\/style>\n\r\n\r\n<div id=\"pgb-206\" class=\"photo-gallery-wp photo-gallery\" style=\"padding:0px 15px 0px 0px;\" data-config=\"{&quot;margin&quot;:8,&quot;type&quot;:&quot;custom-grid&quot;,&quot;gutter&quot;:8}\">\r\n\r\n\r\n\r\n<style>\r\n\r\n\/*#pgb-<php echo $PostId; ?> h2{\r\n\tmargin: 0px !important;\r\n}\r\n*\/\r\n\/* ---- isotope ---- *\/\r\n\r\n\/* clear fix *\/\r\n.grid_pgb-206 {\r\n  content: '';\r\n  display: block;\r\n  clear: both;\r\n}\r\n\r\n\/* ---- .grid-item ---- *\/\r\n\r\n.grid-item_pgb-206 {\r\n  float: left;\r\n}\r\n\r\n.grid-item_pgb-206 img {\r\n  display: block;\r\n  max-width: 100%;\r\n}\r\n<\/style>\r\n\r\n\t\t\t<div class=\"row\">\r\n\t\r\n\t\t\t\t\t\t\t<div class=\"col-md-4 col-sm-6 col-12\">\r\n\t\t\t\t\t<div class=\"layout-2\" style=\"margin: 8px;\r\n\t\t\t\t\t\t\t\t\t\t\t\t--my-color-var: #38ef7d;\r\n\t\t\t\t\t\t\t\t\t\t\t\t\">\r\n\t\t\t\t\t\t<img decoding=\"async\" src=\"https:\/\/ravnica.eu\/wp-content\/uploads\/2021\/11\/Majice-500x500.jpg\">\r\n\t\t\t\r\n\t\t\t\t<div class=\"layout-content\">\r\n                    \t\t\t\t\t\t<h2 class='pgb-title' style=\"margin: 0px;\"><\/h2>\r\n\t\t\t\t\t\t\t\t\t\t\t\t\t\t\t\t<p class=\"description\" style=\"margin-top: 15px;\"><\/p>\r\n\t\t\t\t\t               \t<\/div>\r\n                <div class=\"icon\">\r\n                    <span>\r\n\r\n                    \t\t                 \t\t<a style=\"display: none;\">\r\n\t                        \t<i class=\"fa fa-link\"><\/i>\r\n\t                 \t    <\/a>\r\n\t                 \t                 \t<\/span>\r\n           \t\t \t<span>\r\n           \t\t \t\t\t                        \t<a class=\"popup-box\" href=\"https:\/\/ravnica.eu\/wp-content\/uploads\/2021\/11\/Majice.jpg\" data-lightbox=\"image\">\r\n\t                           \t\t <i class=\"fa fa-plus\"><\/i>\r\n\t\t                        <\/a>\t\t\r\n\t\t\t\t\t\t\t\t \t\t\t\t\t<\/span>\r\n                <\/div><!-- icon -->\r\n\t\t\t<\/div><!-- layout-2 -->\r\n\t\t<\/div><!-- col -->\r\n\t\t\t<\/div> <!-- row -->\r\n\r\n\t<script>\r\n\r\n\t\tjQuery(document).ready( function () {\r\n    \r\n            var $grid = jQuery('#grid_pgb-206').isotope({\r\n              itemSelector: '.grid-item_pgb-206',\r\n                percentPosition: true,\r\n              masonry: {\r\n                columnWidth:0\r\n              }\r\n                \r\n            });\r\n            \r\n            $grid.imagesLoaded().progress( function() {\r\n              $grid.isotope('layout');\r\n            });\r\n\r\n          }\r\n        );\r\n\r\n\t<\/script>\r\n<\/div>\r\n\n<p><strong>MAJICA PAMU\u010cNA S JEDNOSTRANIM TISKOM<\/strong><br \/>\n\u0160IFRA:0132<br \/>\nMaterijal: 100% pamuk<br \/>\nDostupno u vi\u0161e boja i veli\u010dina<br \/>\nTisak motiva po \u017eelji kupca<br \/>\nCijena: 50,00 kn<br \/>\n*popust na ve\u0107e koli\u010dine<\/p>\n","protected":false},"excerpt":{"rendered":"<p>Po\u0161tovani posjetitelji katalog proizvoda mo\u017eete preuzeti na poveznici KATALOG\u00a0 Reference na\u0161ih kupaca mo\u017eete pogledati na poveznici REFERENCE Tako\u0111er bi Vas zamolili za malo vremena i da pro\u010ditate dokument o humanitarnom paketu OVDJE \u0160ALICA KERAMI\u010cKA S TISKOM \u0160IFRA: 0122 Materijal: 100% keramika Visina: 9,7 cm Mogu\u0107nost otiska 20,8 x 8,8 cm Tisak motiva po \u017eelji kupca&hellip;<\/p>\n","protected":false},"author":2,"featured_media":0,"parent":85,"menu_order":0,"comment_status":"closed","ping_status":"closed","template":"template\/full-width.php","meta":{"footnotes":""},"class_list":["post-95","page","type-page","status-publish","hentry"],"_links":{"self":[{"href":"https:\/\/ravnica.eu\/index.php?rest_route=\/wp\/v2\/pages\/95","targetHints":{"allow":["GET"]}}],"collection":[{"href":"https:\/\/ravnica.eu\/index.php?rest_route=\/wp\/v2\/pages"}],"about":[{"href":"https:\/\/ravnica.eu\/index.php?rest_route=\/wp\/v2\/types\/page"}],"author":[{"embeddable":true,"href":"https:\/\/ravnica.eu\/index.php?rest_route=\/wp\/v2\/users\/2"}],"replies":[{"embeddable":true,"href":"https:\/\/ravnica.eu\/index.php?rest_route=%2Fwp%2Fv2%2Fcomments&post=95"}],"version-history":[{"count":15,"href":"https:\/\/ravnica.eu\/index.php?rest_route=\/wp\/v2\/pages\/95\/revisions"}],"predecessor-version":[{"id":300,"href":"https:\/\/ravnica.eu\/index.php?rest_route=\/wp\/v2\/pages\/95\/revisions\/300"}],"up":[{"embeddable":true,"href":"https:\/\/ravnica.eu\/index.php?rest_route=\/wp\/v2\/pages\/85"}],"wp:attachment":[{"href":"https:\/\/ravnica.eu\/index.php?rest_route=%2Fwp%2Fv2%2Fmedia&parent=95"}],"curies":[{"name":"wp","href":"https:\/\/api.w.org\/{rel}","templated":true}]}}